{"id":839,"date":"2025-06-25T07:11:30","date_gmt":"2025-06-25T05:11:30","guid":{"rendered":"https:\/\/bocabellapro.cat\/politica-de-privacidad\/"},"modified":"2025-10-06T12:51:05","modified_gmt":"2025-10-06T10:51:05","slug":"politica-de-privacidad","status":"publish","type":"page","link":"https:\/\/bocabellapro.cat\/es\/politica-de-privacidad\/","title":{"rendered":"Pol\u00edtica de privacidad"},"content":{"rendered":"\n<p>Mart\u00ed E. Berenguer te informa sobre su Pol\u00edtica de Privacidad respecto al tratamiento y protecci\u00f3n de los datos de car\u00e1cter personal de los usuarios y clientes que puedan ser solicitados por la navegaci\u00f3n o contrataci\u00f3n de servicios a trav\u00e9s del sitio web <strong data-start=\"345\" data-end=\"365\">bocabellapro.cat<\/strong>.<\/p>\n\n<p>En este sentido, Mart\u00ed E. Berenguer garantiza el cumplimiento de la normativa vigente en materia de protecci\u00f3n de datos personales, reflejada en la Ley Org\u00e1nica 3\/2018, de 5 de diciembre, de Protecci\u00f3n de Datos Personales y de Garant\u00eda de Derechos Digitales (LOPD GDD). Cumple tambi\u00e9n con el Reglamento (UE) 2016\/679 del Parlamento Europeo y del Consejo de 27 de abril de 2016 relativo a la protecci\u00f3n de las personas f\u00edsicas (RGPD).<\/p>\n\n<p>El uso del sitio web implica la aceptaci\u00f3n de esta Pol\u00edtica de Privacidad as\u00ed como de las condiciones incluidas en el Aviso Legal.<\/p>\n\n<p><h3 data-start=\"950\" data-end=\"979\">Identidad del responsable<\/h3><br\/><p data-start=\"980\" data-end=\"1117\">Titular: Mart\u00ed E. Berenguer<br data-start=\"1007\" data-end=\"1010\"\/>NIF\/CIF:<br data-start=\"1018\" data-end=\"1021\"\/>Domicilio:<br data-start=\"1031\" data-end=\"1034\"\/>Correo electr\u00f3nico: <strong data-start=\"1054\" data-end=\"1081\"><a class=\"decorated-link cursor-pointer\" rel=\"noopener\" data-start=\"1056\" data-end=\"1079\">martie@bocabellapro.cat<\/a><\/strong><br data-start=\"1081\" data-end=\"1084\"\/>Sitio Web: <strong data-start=\"1095\" data-end=\"1115\">bocabellapro.cat<\/strong><\/p><\/p>\n\n<p><h3 data-start=\"1124\" data-end=\"1172\">Principios aplicados al tratamiento de datos<\/h3><br\/><p data-start=\"1173\" data-end=\"1346\">En el tratamiento de tus datos personales, el Titular aplicar\u00e1 los siguientes principios que se ajustan a las exigencias del nuevo reglamento europeo de protecci\u00f3n de datos:<\/p><\/p>\n\n<p><ul>&#13;\n \t<li data-start=\"1348\" data-end=\"1620\">&#13;\n<p data-start=\"1350\" data-end=\"1620\"><strong data-start=\"1350\" data-end=\"1400\">Principio de licitud, lealtad y transparencia:<\/strong> El Titular siempre requerir\u00e1 el consentimiento para el tratamiento de tus datos personales, que puede ser para una o varias finalidades espec\u00edficas sobre las cuales te informar\u00e1 previamente con absoluta transparencia.<\/p>&#13;\n<\/li>&#13;\n \t<li data-start=\"1621\" data-end=\"1779\">&#13;\n<p data-start=\"1623\" data-end=\"1779\"><strong data-start=\"1623\" data-end=\"1662\">Principio de minimizaci\u00f3n de datos:<\/strong> El Titular te solicitar\u00e1 solo los datos estrictamente necesarios para la finalidad o finalidades que los requiera.<\/p>&#13;\n<\/li>&#13;\n \t<li data-start=\"1780\" data-end=\"2174\">&#13;\n<p data-start=\"1782\" data-end=\"2174\"><strong data-start=\"1782\" data-end=\"1836\">Principio de limitaci\u00f3n del plazo de conservaci\u00f3n:<\/strong> Los datos se mantendr\u00e1n durante el tiempo estrictamente necesario para la finalidad del tratamiento.<br data-start=\"1937\" data-end=\"1940\"\/>El Titular te informar\u00e1 del plazo de conservaci\u00f3n correspondiente seg\u00fan la finalidad. En caso de suscripciones, el Titular revisar\u00e1 peri\u00f3dicamente las listas y eliminar\u00e1 aquellos registros inactivos durante un tiempo considerable.<\/p>&#13;\n<\/li>&#13;\n \t<li data-start=\"2175\" data-end=\"2489\">&#13;\n<p data-start=\"2177\" data-end=\"2489\"><strong data-start=\"2177\" data-end=\"2224\">Principio de integridad y confidencialidad:<\/strong> Tus datos ser\u00e1n tratados de manera que se garantice su seguridad, confidencialidad e integridad. Debes saber que el Titular toma las precauciones necesarias para evitar el acceso no autorizado o el uso indebido de los datos de los usuarios por parte de terceros.<\/p>&#13;\n<\/li>&#13;\n<\/ul><\/p>\n\n<p><h3 data-start=\"2496\" data-end=\"2529\">Obtenci\u00f3n de datos personales<\/h3><br\/><p data-start=\"2530\" data-end=\"2697\">Para navegar por <strong data-start=\"2547\" data-end=\"2567\">bocabellapro.cat<\/strong> no es necesario que facilites ning\u00fan dato personal. Los casos en los que s\u00ed proporcionas tus datos personales son los siguientes:<\/p><\/p>\n\n<p>Al contactar a trav\u00e9s de los formularios de contacto o enviar un correo electr\u00f3nico.<\/p>\n\n<p><h3 data-start=\"2794\" data-end=\"2810\">Tus derechos<\/h3><br\/><p data-start=\"2811\" data-end=\"2857\">Sobre tus datos personales tienes derecho a:<\/p><\/p>\n\n<p><ul data-start=\"2859\" data-end=\"3073\">&#13;\n \t<li data-start=\"2859\" data-end=\"2907\">&#13;\n<p data-start=\"2861\" data-end=\"2907\">Solicitar el acceso a los datos almacenados.<\/p>&#13;\n<\/li>&#13;\n \t<li data-start=\"2908\" data-end=\"2953\">&#13;\n<p data-start=\"2910\" data-end=\"2953\">Solicitar su rectificaci\u00f3n o cancelaci\u00f3n.<\/p>&#13;\n<\/li>&#13;\n \t<li data-start=\"2954\" data-end=\"3000\">&#13;\n<p data-start=\"2956\" data-end=\"3000\">Solicitar la limitaci\u00f3n de su tratamiento.<\/p>&#13;\n<\/li>&#13;\n \t<li data-start=\"3001\" data-end=\"3029\">&#13;\n<p data-start=\"3003\" data-end=\"3029\">Oponerte al tratamiento.<\/p>&#13;\n<\/li>&#13;\n \t<li data-start=\"3030\" data-end=\"3073\">&#13;\n<p data-start=\"3032\" data-end=\"3073\">Solicitar la portabilidad de tus datos.<\/p>&#13;\n<\/li>&#13;\n<\/ul><br\/><p data-start=\"3075\" data-end=\"3572\">El ejercicio de estos derechos es personal y por tanto debe ser ejercido directamente por el interesado, solicit\u00e1ndolo directamente a Mart\u00ed E. Berenguer. Esto significa que cualquier cliente, suscriptor o colaborador que haya facilitado sus datos en alg\u00fan momento puede dirigirse a Mart\u00ed E. Berenguer para pedir informaci\u00f3n sobre los datos que tiene almacenados y c\u00f3mo los ha obtenido, solicitar su rectificaci\u00f3n, o solicitar la cancelaci\u00f3n de dichos datos en los ficheros de Mart\u00ed E. Berenguer.<\/p><\/p>\n\n<p>Para ejercitar tus derechos de acceso, rectificaci\u00f3n, cancelaci\u00f3n, portabilidad y oposici\u00f3n debes enviar un correo electr\u00f3nico a martie@bocabellapro.cat&#13;\n junto con una prueba v\u00e1lida en derecho, como una fotocopia del D.N.I. o equivalente.<\/p>\n\n<p>Tienes derecho a la tutela judicial efectiva y a presentar una reclamaci\u00f3n ante la autoridad de control, en este caso, la Agencia Espa\u00f1ola de Protecci\u00f3n de Datos, si consideras que el tratamiento de datos personales que te conciernen infringe el Reglamento.<\/p>\n\n<p><h3 data-start=\"4089\" data-end=\"4138\">Finalidad del tratamiento de datos personales<\/h3><br\/><p data-start=\"4139\" data-end=\"4801\">Cuando te conectas al sitio web para enviar un correo a <strong data-start=\"4195\" data-end=\"4215\">bocabellapro.cat<\/strong>, suscribirte a su bolet\u00edn o realizar una contrataci\u00f3n, est\u00e1s facilitando informaci\u00f3n de car\u00e1cter personal de la que el responsable es <strong data-start=\"4350\" data-end=\"4370\">bocabellapro.cat<\/strong>.<br data-start=\"4371\" data-end=\"4374\"\/>Esta informaci\u00f3n puede incluir datos de car\u00e1cter personal como tu direcci\u00f3n IP, nombre y apellidos, direcci\u00f3n f\u00edsica, direcci\u00f3n de correo electr\u00f3nico, n\u00famero de tel\u00e9fono, y otra informaci\u00f3n. Al facilitar esta informaci\u00f3n, das tu consentimiento para que tu informaci\u00f3n sea recopilada, utilizada, gestionada y almacenada por <strong data-start=\"4697\" data-end=\"4717\">bocabellapro.cat<\/strong>, solo como se describe en el Aviso Legal y en la presente Pol\u00edtica de Privacidad.<\/p><\/p>\n\n<p>Los datos personales y la finalidad del tratamiento por parte de Mart\u00ed E. Berenguer son diferentes seg\u00fan el sistema de captura de informaci\u00f3n:<\/p>\n\n<p><ul data-start=\"4949\" data-end=\"5643\">&#13;\n \t<li data-start=\"4949\" data-end=\"5643\">&#13;\n<p data-start=\"4951\" data-end=\"5643\"><strong data-start=\"4951\" data-end=\"4979\">Formularios de contacto:<\/strong> Mart\u00ed E. Berenguer solicita datos personales entre los que pueden estar: nombre y apellidos, direcci\u00f3n de correo electr\u00f3nico, n\u00famero de tel\u00e9fono y direcci\u00f3n de tu sitio web con la finalidad de responder a tus consultas.<br data-start=\"5199\" data-end=\"5202\"\/>Por ejemplo, Mart\u00ed E. Berenguer utiliza estos datos para dar respuesta a tus mensajes, dudas, quejas, comentarios o inquietudes que puedas tener relativas a la informaci\u00f3n incluida en el sitio web, los servicios que se prestan a trav\u00e9s del sitio web, el tratamiento de tus datos personales, cuestiones referentes a los textos legales incluidos en el sitio web, as\u00ed como cualquier otra consulta que puedas tener y que no est\u00e9 contemplada.<\/p>&#13;\n<\/li>&#13;\n<\/ul><br\/><p data-start=\"5645\" data-end=\"5719\">Hay otras finalidades por las que el Titular trata tus datos personales:<\/p><\/p>\n\n<p><ul data-start=\"5721\" data-end=\"6457\">&#13;\n \t<li data-start=\"5721\" data-end=\"5792\">&#13;\n<p data-start=\"5723\" data-end=\"5792\">Para dar soporte y mejorar los servicios que ofrece este sitio web.<\/p>&#13;\n<\/li>&#13;\n \t<li data-start=\"5793\" data-end=\"6069\">&#13;\n<p data-start=\"5795\" data-end=\"6069\">Para analizar la navegaci\u00f3n. Mart\u00ed E. Berenguer recoge otros datos no identificativos que se obtienen mediante el uso de cookies que se descargan en tu ordenador cuando navegas por el sitio web, cuyas caracter\u00edsticas y finalidad est\u00e1n detalladas en la Pol\u00edtica de Cookies.<\/p>&#13;\n<\/li>&#13;\n \t<li data-start=\"6070\" data-end=\"6457\">&#13;\n<p data-start=\"6072\" data-end=\"6457\">Para gestionar las redes sociales. El Titular tiene presencia en redes sociales. Si te haces seguidor en las redes sociales de Mart\u00ed E. Berenguer, el tratamiento de los datos personales se regir\u00e1 por este apartado, as\u00ed como por aquellas condiciones de uso, pol\u00edticas de privacidad y normativas de acceso que pertenezcan a la red social correspondiente y que has aceptado previamente.<\/p>&#13;\n<\/li>&#13;\n<\/ul><br\/><p data-start=\"6459\" data-end=\"6729\">Mart\u00ed E. Berenguer tratar\u00e1 tus datos personales con la finalidad de administrar correctamente tu presencia en la red social, informarte de sus actividades, productos o servicios, as\u00ed como para cualquier otra finalidad que las normativas de las redes sociales permitan.<\/p><\/p>\n\n<p>En ning\u00fan caso Mart\u00ed E. Berenguer utilizar\u00e1 los perfiles de seguidores en redes sociales para enviar publicidad de manera individual.<\/p>\n\n<p><h3 data-start=\"6873\" data-end=\"6910\">Seguridad de los datos personales<\/h3><br\/><p data-start=\"6911\" data-end=\"7141\">Para proteger tus datos personales, Mart\u00ed E. Berenguer toma todas las precauciones razonables y sigue las mejores pr\u00e1cticas de la industria para evitar su p\u00e9rdida, mal uso, acceso indebido, divulgaci\u00f3n, alteraci\u00f3n o destrucci\u00f3n.<\/p><\/p>\n\n<p>El sitio web est\u00e1 alojado en bocabellapro.cat. La seguridad de tus datos est\u00e1 garantizada, ya que se toman todas las medidas de seguridad necesarias para ello. Puedes consultar su pol\u00edtica de privacidad para m\u00e1s informaci\u00f3n.<\/p>\n\n<p><h3 data-start=\"7380\" data-end=\"7413\">Contenido de otros sitios web<\/h3><br\/><p data-start=\"7414\" data-end=\"7650\">Las p\u00e1ginas de este sitio web pueden incluir contenido incrustado (por ejemplo, v\u00eddeos, im\u00e1genes, art\u00edculos, etc.). El contenido incrustado de otras webs se comporta exactamente de la misma manera que si hubieras visitado la otra web.<\/p><\/p>\n\n<p>Estos sitios web pueden recopilar datos sobre ti, utilizar cookies, incrustar un c\u00f3digo de seguimiento adicional de terceros y supervisar tu interacci\u00f3n usando ese c\u00f3digo.<\/p>\n\n<p><h3 data-start=\"7832\" data-end=\"7855\">Pol\u00edtica de Cookies<\/h3><br\/><p data-start=\"7856\" data-end=\"7988\">Para que este sitio web funcione correctamente debes utilizar cookies, que es una informaci\u00f3n que se almacena en tu navegador web.<\/p><\/p>\n\n<p>En la p\u00e1gina Pol\u00edtica de Cookies puedes consultar toda la informaci\u00f3n relativa a la pol\u00edtica de recogida, la finalidad y el tratamiento de las cookies.<\/p>\n\n<p><h3 data-start=\"8150\" data-end=\"8195\">Legitimaci\u00f3n para el tratamiento de datos<\/h3><br\/><p data-start=\"8196\" data-end=\"8271\">La base legal para el tratamiento de tus datos es: <strong data-start=\"8247\" data-end=\"8268\">el consentimiento<\/strong>.<\/p><br\/><p data-start=\"8273\" data-end=\"8419\"><\/p><\/p>\n\n<p>Para contactar con Mart\u00ed E. Berenguer, suscribirte a un bolet\u00edn o hacer comentarios en este sitio web debes aceptar esta Pol\u00edtica de Privacidad.<\/p>\n\n<p><h3 data-start=\"8426\" data-end=\"8460\">Categor\u00edas de datos personales<\/h3><br\/><p data-start=\"8461\" data-end=\"8531\">Las categor\u00edas de datos personales que trata Mart\u00ed E. Berenguer son:<\/p><\/p>\n\n<p><ul data-start=\"8533\" data-end=\"8559\">&#13;\n \t<li data-start=\"8533\" data-end=\"8559\">&#13;\n<p data-start=\"8535\" data-end=\"8559\">Datos identificativos.<\/p>&#13;\n<\/li>&#13;\n<\/ul><br\/><br\/><hr data-start=\"8561\" data-end=\"8564\"\/><br\/><br\/><h3 data-start=\"8566\" data-end=\"8602\">Conservaci\u00f3n de datos personales<\/h3><br\/><p data-start=\"8603\" data-end=\"8712\">Los datos personales que proporciones a Mart\u00ed E. Berenguer se conservar\u00e1n hasta que solicites su supresi\u00f3n.<\/p><\/p>\n\n<p>Tambi\u00e9n puedes ver una lista de los tipos de cookies que utiliza Google y sus colaboradores y toda la informaci\u00f3n relativa al uso que hacen de cookies publicitarias.<\/p>\n\n<p><h3 data-start=\"8888\" data-end=\"8906\">Navegaci\u00f3n Web<\/h3><br\/><p data-start=\"8907\" data-end=\"9182\">Al navegar por <strong data-start=\"8922\" data-end=\"8942\">bocabellapro.cat<\/strong> se pueden recoger datos no identificativos, que pueden incluir la direcci\u00f3n IP, geolocalizaci\u00f3n, un registro de c\u00f3mo se utilizan los servicios y sitios, h\u00e1bitos de navegaci\u00f3n y otros datos que no pueden ser utilizados para identificarte.<\/p><\/p>\n\n<p>El Titular utiliza la informaci\u00f3n obtenida para obtener datos estad\u00edsticos, analizar tendencias, administrar el sitio, estudiar patrones de navegaci\u00f3n y recopilar informaci\u00f3n demogr\u00e1fica.<\/p>\n\n<p><h3 data-start=\"9380\" data-end=\"9429\">Exactitud y veracidad de los datos personales<\/h3><br\/><p data-start=\"9430\" data-end=\"9591\">Te comprometes a que los datos facilitados a Mart\u00ed E. Berenguer sean correctos, completos, exactos y vigentes, as\u00ed como a mantenerlos debidamente actualizados.<\/p><\/p>\n\n<p>Como Usuario del sitio web eres el \u00fanico responsable de la veracidad y correcci\u00f3n de los datos que remitas al sitio, exonerando a Mart\u00ed E. Berenguer de cualquier responsabilidad al respecto.<\/p>\n\n<p><h3 data-start=\"9792\" data-end=\"9823\">Aceptaci\u00f3n y consentimiento<\/h3><br\/><p data-start=\"9824\" data-end=\"10032\">Como Usuario del sitio web declaras haber sido informado de las condiciones sobre protecci\u00f3n de datos de car\u00e1cter personal, aceptas y consientes el tratamiento de los mismos por parte de Mart\u00ed E. Berenguer.<\/p><\/p>\n","protected":false},"excerpt":{"rendered":"<p>Mart\u00ed E. Berenguer te informa sobre su Pol\u00edtica de Privacidad respecto al tratamiento y protecci\u00f3n de los datos de car\u00e1cter personal de los usuarios y clientes que puedan ser solicitados por la navegaci\u00f3n o contrataci\u00f3n de servicios a trav\u00e9s del sitio web bocabellapro.cat. En este sentido, Mart\u00ed E. Berenguer garantiza el cumplimiento de la normativa [&hellip;]<\/p>\n","protected":false},"author":1,"featured_media":0,"parent":0,"menu_order":0,"comment_status":"closed","ping_status":"closed","template":"","meta":{"zakra_page_container_layout":"customizer","zakra_page_sidebar_layout":"customizer","zakra_remove_content_margin":false,"zakra_sidebar":"customizer","zakra_transparent_header":"customizer","zakra_logo":0,"zakra_main_header_style":"default","zakra_menu_item_color":"","zakra_menu_item_hover_color":"","zakra_menu_item_active_color":"","zakra_menu_active_style":"","zakra_page_header":true,"inline_featured_image":false,"footnotes":""},"class_list":["post-839","page","type-page","status-publish","hentry"],"_links":{"self":[{"href":"https:\/\/bocabellapro.cat\/es\/wp-json\/wp\/v2\/pages\/839","targetHints":{"allow":["GET"]}}],"collection":[{"href":"https:\/\/bocabellapro.cat\/es\/wp-json\/wp\/v2\/pages"}],"about":[{"href":"https:\/\/bocabellapro.cat\/es\/wp-json\/wp\/v2\/types\/page"}],"author":[{"embeddable":true,"href":"https:\/\/bocabellapro.cat\/es\/wp-json\/wp\/v2\/users\/1"}],"replies":[{"embeddable":true,"href":"https:\/\/bocabellapro.cat\/es\/wp-json\/wp\/v2\/comments?post=839"}],"version-history":[{"count":2,"href":"https:\/\/bocabellapro.cat\/es\/wp-json\/wp\/v2\/pages\/839\/revisions"}],"predecessor-version":[{"id":1112,"href":"https:\/\/bocabellapro.cat\/es\/wp-json\/wp\/v2\/pages\/839\/revisions\/1112"}],"wp:attachment":[{"href":"https:\/\/bocabellapro.cat\/es\/wp-json\/wp\/v2\/media?parent=839"}],"curies":[{"name":"wp","href":"https:\/\/api.w.org\/{rel}","templated":true}]}}