{"id":835,"date":"2025-06-25T10:16:42","date_gmt":"2025-06-25T08:16:42","guid":{"rendered":"https:\/\/bocabellapro.cat\/quien-que-como\/"},"modified":"2025-10-02T06:26:10","modified_gmt":"2025-10-02T04:26:10","slug":"quien-que-como","status":"publish","type":"page","link":"https:\/\/bocabellapro.cat\/es\/quien-que-como\/","title":{"rendered":"Qui\u00e9n, Qu\u00e9, C\u00f3mo"},"content":{"rendered":"\t\t<div data-elementor-type=\"wp-page\" data-elementor-id=\"835\" class=\"elementor elementor-835 elementor-18\" data-elementor-post-type=\"page\">\n\t\t\t\t<div class=\"elementor-element elementor-element-06f306a animated-slow e-flex e-con-boxed elementor-invisible e-con e-parent\" data-id=\"06f306a\" data-element_type=\"container\" data-e-type=\"container\" id=\"qui\" data-settings=\"{&quot;background_background&quot;:&quot;classic&quot;,&quot;animation&quot;:&quot;fadeIn&quot;,&quot;animation_mobile&quot;:&quot;none&quot;,&quot;animation_delay&quot;:100}\">\n\t\t\t\t\t<div class=\"e-con-inner\">\n\t\t\t\t<div class=\"elementor-element elementor-element-5361144 animated-slow elementor-invisible elementor-widget elementor-widget-heading\" data-id=\"5361144\" data-element_type=\"widget\" data-e-type=\"widget\" data-settings=\"{&quot;_animation&quot;:&quot;fadeInUp&quot;,&quot;_animation_delay&quot;:100}\" data-widget_type=\"heading.default\">\n\t\t\t\t<div class=\"elementor-widget-container\">\n\t\t\t\t\t<h1 class=\"elementor-heading-title elementor-size-default\">Mart\u00ed E. Berenguer<\/h1>\t\t\t\t<\/div>\n\t\t\t\t<\/div>\n\t\t<div class=\"elementor-element elementor-element-0ef2384 e-con-full e-flex e-con e-child\" data-id=\"0ef2384\" data-element_type=\"container\" data-e-type=\"container\">\n\t\t<div class=\"elementor-element elementor-element-d51a1bb e-con-full e-flex e-con e-child\" data-id=\"d51a1bb\" data-element_type=\"container\" data-e-type=\"container\">\n\t\t\t\t<div class=\"elementor-element elementor-element-baf901f explicam elementor-widget elementor-widget-heading\" data-id=\"baf901f\" data-element_type=\"widget\" data-e-type=\"widget\" data-widget_type=\"heading.default\">\n\t\t\t\t<div class=\"elementor-widget-container\">\n\t\t\t\t\t<p class=\"elementor-heading-title elementor-size-default\">Mart\u00ed Escuder Berenguer (Barcelona 1971), formado en el Instituto de Estudios Fotogr\u00e1ficos, en la UB y la UOC.<\/p>\t\t\t\t<\/div>\n\t\t\t\t<\/div>\n\t\t\t\t<\/div>\n\t\t<div class=\"elementor-element elementor-element-94ae547 e-con-full e-flex e-con e-child\" data-id=\"94ae547\" data-element_type=\"container\" data-e-type=\"container\">\n\t\t\t\t<div class=\"elementor-element elementor-element-88c4835 explicam elementor-widget elementor-widget-heading\" data-id=\"88c4835\" data-element_type=\"widget\" data-e-type=\"widget\" data-widget_type=\"heading.default\">\n\t\t\t\t<div class=\"elementor-widget-container\">\n\t\t\t\t\t<p class=\"elementor-heading-title elementor-size-default\">He hecho de mi pasi\u00f3n mi profesi\u00f3n, y estoy contento de poder vivir bastante dignamente.<\/p>\t\t\t\t<\/div>\n\t\t\t\t<\/div>\n\t\t\t\t<\/div>\n\t\t\t\t<\/div>\n\t\t<div class=\"elementor-element elementor-element-df19119 e-con-full e-flex e-con e-child\" data-id=\"df19119\" data-element_type=\"container\" data-e-type=\"container\">\n\t\t<div class=\"elementor-element elementor-element-c134070 e-con-full e-flex e-con e-child\" data-id=\"c134070\" data-element_type=\"container\" data-e-type=\"container\">\n\t\t\t\t<div class=\"elementor-element elementor-element-c68a1bb explicam elementor-widget elementor-widget-heading\" data-id=\"c68a1bb\" data-element_type=\"widget\" data-e-type=\"widget\" data-widget_type=\"heading.default\">\n\t\t\t\t<div class=\"elementor-widget-container\">\n\t\t\t\t\t<p class=\"elementor-heading-title elementor-size-default\">Del fotoperiodismo he aprendido a confiar en mi mirada, a ser r\u00e1pido y expeditivo.<\/p>\t\t\t\t<\/div>\n\t\t\t\t<\/div>\n\t\t\t\t<\/div>\n\t\t<div class=\"elementor-element elementor-element-705ca6e e-con-full e-flex e-con e-child\" data-id=\"705ca6e\" data-element_type=\"container\" data-e-type=\"container\">\n\t\t\t\t<div class=\"elementor-element elementor-element-2f08033 explicam elementor-widget elementor-widget-heading\" data-id=\"2f08033\" data-element_type=\"widget\" data-e-type=\"widget\" data-widget_type=\"heading.default\">\n\t\t\t\t<div class=\"elementor-widget-container\">\n\t\t\t\t\t<p class=\"elementor-heading-title elementor-size-default\">De la fotograf\u00eda esc\u00e9nica a la anticipaci\u00f3n de m\u00ed mismo.<\/p>\t\t\t\t<\/div>\n\t\t\t\t<\/div>\n\t\t\t\t<\/div>\n\t\t\t\t<\/div>\n\t\t<div class=\"elementor-element elementor-element-14067b0 e-con-full e-flex e-con e-child\" data-id=\"14067b0\" data-element_type=\"container\" data-e-type=\"container\">\n\t\t<div class=\"elementor-element elementor-element-7ef829a e-con-full e-flex e-con e-child\" data-id=\"7ef829a\" data-element_type=\"container\" data-e-type=\"container\">\n\t\t\t\t<div class=\"elementor-element elementor-element-e5dca51 explicam elementor-widget elementor-widget-heading\" data-id=\"e5dca51\" data-element_type=\"widget\" data-e-type=\"widget\" data-widget_type=\"heading.default\">\n\t\t\t\t<div class=\"elementor-widget-container\">\n\t\t\t\t\t<p class=\"elementor-heading-title elementor-size-default\">Del retrato me quedo con el imperativo de la verdadera amistad pero ef\u00edmera.<\/p>\t\t\t\t<\/div>\n\t\t\t\t<\/div>\n\t\t\t\t<\/div>\n\t\t<div class=\"elementor-element elementor-element-8c699e2 e-con-full e-flex e-con e-child\" data-id=\"8c699e2\" data-element_type=\"container\" data-e-type=\"container\">\n\t\t\t\t<div class=\"elementor-element elementor-element-b26693b explicam elementor-widget elementor-widget-heading\" data-id=\"b26693b\" data-element_type=\"widget\" data-e-type=\"widget\" data-widget_type=\"heading.default\">\n\t\t\t\t<div class=\"elementor-widget-container\">\n\t\t\t\t\t<p class=\"elementor-heading-title elementor-size-default\">Del cine he aprendido cu\u00e1ndo hay que simplificar la narraci\u00f3n y cu\u00e1ndo expandirla.<\/p>\t\t\t\t<\/div>\n\t\t\t\t<\/div>\n\t\t\t\t<\/div>\n\t\t\t\t<\/div>\n\t\t<div class=\"elementor-element elementor-element-3aea21c e-con-full e-flex e-con e-child\" data-id=\"3aea21c\" data-element_type=\"container\" data-e-type=\"container\">\n\t\t<div class=\"elementor-element elementor-element-bbce069 e-con-full e-flex e-con e-child\" data-id=\"bbce069\" data-element_type=\"container\" data-e-type=\"container\">\n\t\t\t\t<div class=\"elementor-element elementor-element-4623878 explicam elementor-widget elementor-widget-heading\" data-id=\"4623878\" data-element_type=\"widget\" data-e-type=\"widget\" data-widget_type=\"heading.default\">\n\t\t\t\t<div class=\"elementor-widget-container\">\n\t\t\t\t\t<p class=\"elementor-heading-title elementor-size-default\">Los fot\u00f3grafos somos los brujos que detenemos el tiempo, por eso somos queridos en exceso u odiados, tambi\u00e9n en exceso.<\/p>\t\t\t\t<\/div>\n\t\t\t\t<\/div>\n\t\t\t\t<div class=\"elementor-element elementor-element-1046cb6 elementor-widget elementor-widget-text-editor\" data-id=\"1046cb6\" data-element_type=\"widget\" data-e-type=\"widget\" data-widget_type=\"text-editor.default\">\n\t\t\t\t<div class=\"elementor-widget-container\">\n\t\t\t\t\t\t\t\t\t<p>Fot\u00f3grafo y videografo independiente desde 1993, formado en el Instituto de Estudios Fotogr\u00e1ficos (1992-1995) especializado en fotograf\u00eda esc\u00e9nica y \u00e1mbito cultural.<\/p>\n<p>Estudios Universitarios en la UB y en la UOC (Comunicaci\u00f3n Audiovisual). Inicios en prensa universitaria y generalista (Diari de Tarragona, HOY, La Vanguardia&#8230;) (1993-2000).<\/p>\n<p>Jefe de fotograf\u00eda del Grupo Enderrock (1995-2005).<\/p>\n<p>Fot\u00f3grafo en\u00a0Europa Press\u00a0(1995-2012).<\/p>\n<p>Fot\u00f3grafo oficial del Espacio de M\u00fasica y Danza de la Generalidad de Catalu\u00f1a (2000-2005)<\/p>\n<p>Fot\u00f3grafo oficial en varios festivales musicales y teatrales (1996-2016):<\/p>\n<p>El Espacio de M\u00fasica y Danza de la G.C., Mercado de M\u00fasica Viva de Vic, Festival Altavoz, Firat\u00e0rrega, Festival de Blues y G\u00f3spel de Roses, Festival de Cabo Rojo, Barcelona Distrito Cultural, Festival Milenio, Festival de Pedralbes, Periferia Cultural&#8230;<\/p>\n<p>Fot\u00f3grafo titular de varios gabinetes de comunicaci\u00f3n, especializados en cultura y tambi\u00e9n generalistas (Comedia, Interprofit, Aportada, La Costa Comunicaci\u00f3n, Llorente y Cuenca, Rom\u00e1n y Asociados&#8230;<\/p>\n<p>He recibido regularmente encargos fotogr\u00e1ficos de diversas instituciones del \u00e1mbito cultural como Palacio de la M\u00fasica Catalana, Auditorio de Barcelona, \u200b\u200bCCCB, Fundaci\u00f3n Mir\u00f3, Fundaci\u00f3n Pau Casals, Academia Catalana del Cine, Academia Catalana de la M\u00fasica, Novaria, Universidad Abierta de Catalu\u00f1a, Fundaci\u00f3n Gala-Dal\u00ed, Instituto de Cultura de Barcelona (ICUB) Managers de Catalu\u00f1a (ARC), RECOMIENDA asociaci\u00f3n para la Promoci\u00f3n de las Artes Esc\u00e9nicas, Asociaci\u00f3n Premios BUTACA, Asociaci\u00f3n Mes\u00edas Participativo, Fundaci\u00f3n SAU, ADETCA, Banda Municipal de Badalona&#8230; y de empresas que desarrollan proyectos culturales Franz Schubert Filarmonia, Concertstudio, Novaria Filarmonio, Cuarteto Casals&#8230;<\/p>\n\t\t\t\t\t\t\t\t<\/div>\n\t\t\t\t<\/div>\n\t\t\t\t<\/div>\n\t\t\t\t<\/div>\n\t\t\t\t\t<\/div>\n\t\t\t\t<\/div>\n\t\t<div class=\"elementor-element elementor-element-e3b1daa animated-slow e-flex e-con-boxed elementor-invisible e-con e-parent\" data-id=\"e3b1daa\" data-element_type=\"container\" data-e-type=\"container\" id=\"que\" data-settings=\"{&quot;background_background&quot;:&quot;classic&quot;,&quot;animation&quot;:&quot;fadeIn&quot;,&quot;animation_mobile&quot;:&quot;none&quot;,&quot;animation_delay&quot;:100}\">\n\t\t\t\t\t<div class=\"e-con-inner\">\n\t\t\t\t<div class=\"elementor-element elementor-element-009cf9c explicam elementor-widget elementor-widget-heading\" data-id=\"009cf9c\" data-element_type=\"widget\" data-e-type=\"widget\" data-widget_type=\"heading.default\">\n\t\t\t\t<div class=\"elementor-widget-container\">\n\t\t\t\t\t<h2 class=\"elementor-heading-title elementor-size-default\">Fotografio y filmo cualquier historia, de cualquier tama\u00f1o.<\/h2>\t\t\t\t<\/div>\n\t\t\t\t<\/div>\n\t\t<div class=\"elementor-element elementor-element-6c25817 e-con-full e-flex e-con e-child\" data-id=\"6c25817\" data-element_type=\"container\" data-e-type=\"container\">\n\t\t\t\t<div class=\"elementor-element elementor-element-8a53dfb elementor-widget elementor-widget-button\" data-id=\"8a53dfb\" data-element_type=\"widget\" data-e-type=\"widget\" data-widget_type=\"button.default\">\n\t\t\t\t<div class=\"elementor-widget-container\">\n\t\t\t\t\t\t\t\t\t<div class=\"elementor-button-wrapper\">\n\t\t\t\t\t<a class=\"elementor-button elementor-button-link elementor-size-sm\" href=\"https:\/\/bocabellapro.cat\/es\/proyectos\/\">\n\t\t\t\t\t\t<span class=\"elementor-button-content-wrapper\">\n\t\t\t\t\t\t\t\t\t<span class=\"elementor-button-text\">Proyectos<\/span>\n\t\t\t\t\t<\/span>\n\t\t\t\t\t<\/a>\n\t\t\t\t<\/div>\n\t\t\t\t\t\t\t\t<\/div>\n\t\t\t\t<\/div>\n\t\t\t\t<\/div>\n\t\t\t\t\t<\/div>\n\t\t\t\t<\/div>\n\t\t<div class=\"elementor-element elementor-element-ac8eac7 animated-slow e-flex e-con-boxed elementor-invisible e-con e-parent\" data-id=\"ac8eac7\" data-element_type=\"container\" data-e-type=\"container\" data-settings=\"{&quot;background_background&quot;:&quot;classic&quot;,&quot;animation&quot;:&quot;fadeIn&quot;,&quot;animation_mobile&quot;:&quot;none&quot;,&quot;animation_delay&quot;:100}\">\n\t\t\t\t\t<div class=\"e-con-inner\">\n\t\t<div class=\"elementor-element elementor-element-ad0d80b e-con-full e-flex e-con e-child\" data-id=\"ad0d80b\" data-element_type=\"container\" data-e-type=\"container\">\n\t\t<div class=\"elementor-element elementor-element-5eac215 e-con-full e-flex e-con e-child\" data-id=\"5eac215\" data-element_type=\"container\" data-e-type=\"container\">\n\t\t\t\t<div class=\"elementor-element elementor-element-7906191 explicam elementor-widget elementor-widget-heading\" data-id=\"7906191\" data-element_type=\"widget\" data-e-type=\"widget\" data-widget_type=\"heading.default\">\n\t\t\t\t<div class=\"elementor-widget-container\">\n\t\t\t\t\t<p class=\"elementor-heading-title elementor-size-default\">Asumo los encargos en primera persona, con un di\u00e1logo directo con el cliente, proponiendo ideas y soluciones acumuladas en 30 a\u00f1os de experiencia en todo tipo de encargos.<\/p>\t\t\t\t<\/div>\n\t\t\t\t<\/div>\n\t\t\t\t<\/div>\n\t\t<div class=\"elementor-element elementor-element-8b50b75 e-con-full e-flex e-con e-child\" data-id=\"8b50b75\" data-element_type=\"container\" data-e-type=\"container\">\n\t\t\t\t<div class=\"elementor-element elementor-element-72c08d0 explicam elementor-widget elementor-widget-heading\" data-id=\"72c08d0\" data-element_type=\"widget\" data-e-type=\"widget\" data-widget_type=\"heading.default\">\n\t\t\t\t<div class=\"elementor-widget-container\">\n\t\t\t\t\t<p class=\"elementor-heading-title elementor-size-default\">Una gran cartera de amigos y colaboradores en todos los \u00e1mbitos me permiten dimensionar los proyectos manteniendo bajos costes de infraestructura.<\/p>\t\t\t\t<\/div>\n\t\t\t\t<\/div>\n\t\t\t\t<\/div>\n\t\t\t\t<\/div>\n\t\t<div class=\"elementor-element elementor-element-9e9ff3b e-con-full e-flex e-con e-child\" data-id=\"9e9ff3b\" data-element_type=\"container\" data-e-type=\"container\">\n\t\t<div class=\"elementor-element elementor-element-0256b23 e-con-full e-flex e-con e-child\" data-id=\"0256b23\" data-element_type=\"container\" data-e-type=\"container\">\n\t\t\t\t<div class=\"elementor-element elementor-element-50f6e19 explicam elementor-widget elementor-widget-heading\" data-id=\"50f6e19\" data-element_type=\"widget\" data-e-type=\"widget\" data-widget_type=\"heading.default\">\n\t\t\t\t<div class=\"elementor-widget-container\">\n\t\t\t\t\t<p class=\"elementor-heading-title elementor-size-default\">Trabajar con los mejores de cada campo en lugar de pretender ser el mejor en todo.<\/p>\t\t\t\t<\/div>\n\t\t\t\t<\/div>\n\t\t\t\t<div class=\"elementor-element elementor-element-6e55b28 elementor-align-center elementor-widget elementor-widget-button\" data-id=\"6e55b28\" data-element_type=\"widget\" data-e-type=\"widget\" data-widget_type=\"button.default\">\n\t\t\t\t<div class=\"elementor-widget-container\">\n\t\t\t\t\t\t\t\t\t<div class=\"elementor-button-wrapper\">\n\t\t\t\t\t<a class=\"elementor-button elementor-button-link elementor-size-sm\" href=\"https:\/\/bocabellapro.cat\/es\/contacto\/\">\n\t\t\t\t\t\t<span class=\"elementor-button-content-wrapper\">\n\t\t\t\t\t\t\t\t\t<span class=\"elementor-button-text\">Contacte<\/span>\n\t\t\t\t\t<\/span>\n\t\t\t\t\t<\/a>\n\t\t\t\t<\/div>\n\t\t\t\t\t\t\t\t<\/div>\n\t\t\t\t<\/div>\n\t\t\t\t<\/div>\n\t\t\t\t<\/div>\n\t\t\t\t\t<\/div>\n\t\t\t\t<\/div>\n\t\t\t\t<\/div>\n\t\t","protected":false},"excerpt":{"rendered":"<p>Mart\u00ed E. Berenguer Mart\u00ed Escuder Berenguer (Barcelona 1971), formado en el Instituto de Estudios Fotogr\u00e1ficos, en la UB y la UOC. He hecho de mi pasi\u00f3n mi profesi\u00f3n, y estoy contento de poder vivir bastante dignamente. Del fotoperiodismo he aprendido a confiar en mi mirada, a ser r\u00e1pido y expeditivo. De la fotograf\u00eda esc\u00e9nica a [&hellip;]<\/p>\n","protected":false},"author":1,"featured_media":0,"parent":0,"menu_order":0,"comment_status":"closed","ping_status":"closed","template":"page-templates\/pagebuilder.php","meta":{"zakra_page_container_layout":"customizer","zakra_page_sidebar_layout":"customizer","zakra_remove_content_margin":false,"zakra_sidebar":"customizer","zakra_transparent_header":"customizer","zakra_logo":0,"zakra_main_header_style":"default","zakra_menu_item_color":"","zakra_menu_item_hover_color":"","zakra_menu_item_active_color":"","zakra_menu_active_style":"","zakra_page_header":true,"inline_featured_image":false,"footnotes":""},"class_list":["post-835","page","type-page","status-publish","hentry"],"_links":{"self":[{"href":"https:\/\/bocabellapro.cat\/es\/wp-json\/wp\/v2\/pages\/835","targetHints":{"allow":["GET"]}}],"collection":[{"href":"https:\/\/bocabellapro.cat\/es\/wp-json\/wp\/v2\/pages"}],"about":[{"href":"https:\/\/bocabellapro.cat\/es\/wp-json\/wp\/v2\/types\/page"}],"author":[{"embeddable":true,"href":"https:\/\/bocabellapro.cat\/es\/wp-json\/wp\/v2\/users\/1"}],"replies":[{"embeddable":true,"href":"https:\/\/bocabellapro.cat\/es\/wp-json\/wp\/v2\/comments?post=835"}],"version-history":[{"count":6,"href":"https:\/\/bocabellapro.cat\/es\/wp-json\/wp\/v2\/pages\/835\/revisions"}],"predecessor-version":[{"id":1108,"href":"https:\/\/bocabellapro.cat\/es\/wp-json\/wp\/v2\/pages\/835\/revisions\/1108"}],"wp:attachment":[{"href":"https:\/\/bocabellapro.cat\/es\/wp-json\/wp\/v2\/media?parent=835"}],"curies":[{"name":"wp","href":"https:\/\/api.w.org\/{rel}","templated":true}]}}